{"id":99383,"date":"2025-07-08T01:30:36","date_gmt":"2025-07-08T01:30:36","guid":{"rendered":"https:\/\/hps.collaborative.org\/hadley-elementary-school\/?page_id=99383"},"modified":"2025-07-11T18:46:23","modified_gmt":"2025-07-11T18:46:23","slug":"enrollment-2025-2026","status":"publish","type":"page","link":"https:\/\/www.hadleyschools.org\/hadley-elementary-school\/enrollment-2025-2026","title":{"rendered":"Enrollment 2025-2026"},"content":{"rendered":"<p>[et_pb_section fb_built=&#8221;1&#8243; _builder_version=&#8221;4.27.4&#8243; _module_preset=&#8221;default&#8221; global_colors_info=&#8221;{}&#8221; theme_builder_area=&#8221;post_content&#8221;][et_pb_row column_structure=&#8221;3_4,1_4&#8243; _builder_version=&#8221;4.27.4&#8243; _module_preset=&#8221;default&#8221; width=&#8221;100%&#8221; global_colors_info=&#8221;{}&#8221; theme_builder_area=&#8221;post_content&#8221;][et_pb_column type=&#8221;3_4&#8243; _builder_version=&#8221;4.27.4&#8243; _module_preset=&#8221;default&#8221; global_colors_info=&#8221;{}&#8221; theme_builder_area=&#8221;post_content&#8221;][et_pb_text _builder_version=&#8221;4.27.4&#8243; _module_preset=&#8221;default&#8221; hover_enabled=&#8221;0&#8243; global_colors_info=&#8221;{}&#8221; theme_builder_area=&#8221;post_content&#8221; sticky_enabled=&#8221;0&#8243;]<\/p>\n<header class=\"panel-pane region-page-title\">\n<div class=\"subtitle\">Welcome to Hadley Elementary School <img fetchpriority=\"high\" fetchpriority=\"high\" decoding=\"async\" src=\"https:\/\/www.hadleyschools.org\/hadley-elementary-school\/wp-content\/uploads\/sites\/2\/2025\/07\/enrol-300x253.jpg\" width=\"300\" height=\"253\" alt=\"school entrance\" class=\"wp-image-99386 alignnone size-medium\" style=\"float: right;\" srcset=\"https:\/\/www.hadleyschools.org\/hadley-elementary-school\/wp-content\/uploads\/sites\/2\/2025\/07\/enrol-300x253.jpg 300w, https:\/\/www.hadleyschools.org\/hadley-elementary-school\/wp-content\/uploads\/sites\/2\/2025\/07\/enrol.jpg 320w\" sizes=\"(max-width: 300px) 100vw, 300px\" \/><\/div>\n<\/header>\n<div class=\"panel-pane pane-node-content\">\n<div class=\"pane-inner clearfix\">\n<div class=\"pane-content\">\n<article class=\"node-7563 node node-freeform clearfix\" about=\"\/hadley-elementary-school\/pages\/enrollment-2025-2026\" typeof=\"sioc:Item foaf:Document\" role=\"article\">\n<header><\/header>\n<div class=\"content\">\n<div class=\"field field-name-body field-type-text-with-summary field-label-hidden\">\n<p>To register a student for the 2025-2026\u00a0school year, please contact the HES Main Office at (413) 584-5011.<span>\u00a0<\/span><strong>Registration is by appointment only.<\/strong><\/p>\n<p>If you are interested in information about our afterschool program, please contact Sarah Frost (<span style=\"text-decoration: underline; color: #0c71c3;\"><a href=\"mailto:sfrost@hadleyschools.org\" style=\"color: #0c71c3; text-decoration: underline;\">sfrost@hadleyschools.org<\/a><\/span>), or call (413) 923-2224.<\/p>\n<p><strong>***<\/strong><br \/>We do not accept enrollment via fax or scan.<\/p>\n<p>If you need this document translated, please contact the school.<br \/>Si necesita este documento traducido, p\u00f3ngase en contacto con la escuela.<br \/>Si vous avez besoin de ce document traduit, S&#8217;il vous pla\u00eet contacter l&#8217;\u00e9cole.<br \/>N?u b?n c?n t\u00e0i li?u n\u00e0y du?c d?ch, vui l\u00f2ng li\u00ean h? v?i c\u00e1c tru?ng h?c.<br \/><em>(<span style=\"color: #0c71c3;\"><a href=\"https:\/\/translate.google.com\/\" style=\"color: #0c71c3;\">https:\/\/translate.google.com\/<\/a><\/span>)<\/em><\/p>\n<p>In order to complete registration, you must gather the following documents. We will ask that you bring these in with you when schedule the appointment\u00a0to complete the registration process.<\/p>\n<ul>\n<li>Please complete the<span>\u00a0<\/span><em>Student\u00a0Enrollment Packet<span>\u00a0<\/span><\/em>(.pdf below)<em>.\u00a0<\/em><\/li>\n<li>Documentation proving date of birth (<span style=\"color: #0c71c3;\"><a href=\"https:\/\/www.justice.gov\/sites\/default\/files\/crt\/legacy\/2014\/05\/08\/plylerfact.pdf\" target=\"_blank\" rel=\"noopener\" style=\"color: #0c71c3;\">Click here for more information.<\/a><\/span>)<\/li>\n<li>Documents which establish residency (<span style=\"color: #0c71c3;\"><a href=\"https:\/\/drive.google.com\/file\/d\/10YnolSCQ6hH9nM-d8tEdfbVj5__NRL3Z\/view?usp=sharing\" target=\"_blank\" rel=\"noopener\" style=\"color: #0c71c3;\">Click here for the complete list of acceptable documents.<\/a><\/span>)<\/li>\n<li>Photo ID of parent\/guardian: Valid driver\u2019s license\/photo ID card, valid passport, other government issued photo ID.<\/li>\n<li>Health Record &#8211; Immunization records &amp; proof of a recent physical exam (within the past 12 months). (<a href=\"https:\/\/www.hadleyschools.org\/health-services\/\"><span style=\"color: #0c71c3;\">Click here to\u00a0visit our Health Services webpage for more information about immunization requirements.<\/span><\/a>)<\/li>\n<li>Current Individual Education Plan (IEP) or 504 documents, if applicable<\/li>\n<li>Proof of Physical Custody, if applicable<\/li>\n<\/ul>\n<p>In order to enroll in Kindergarten the student must be a Hadley resident child who will be 5 years old by August 31, 2025\u00a0to be eligible to register. For more information about Kindergarten, please<span>\u00a0<\/span><span style=\"color: #0c71c3;\"><a href=\"https:\/\/www.hadleyschools.org\/hadley-elementary-school\/important-dates-for-kindergarten-students-hes-2025-2026\/\" target=\"_blank\" rel=\"noopener\" style=\"color: #0c71c3;\">CLICK HERE<\/a><\/span>. If you are interested in our Hadley Preschool Program, please<span>\u00a0<\/span><span style=\"color: #0c71c3;\"><a href=\"https:\/\/www.hadleyschools.org\/hadley-elementary-school\/preschool-enrollment-2025-2026\/\" target=\"_blank\" rel=\"noopener\" style=\"color: #0c71c3;\">CLICK HERE<\/a><span style=\"color: #000000;\">.<\/span><\/span><\/p>\n<p><em>Interested in our School Choice Program? Please call Hadley Elementary School at (413) 584-5011 or<span>\u00a0<\/span><a href=\"https:\/\/www.hadleyschools.org\/about-us\/school-choice-program\/\" target=\"_blank\" rel=\"noopener\"><span style=\"color: #0c71c3;\">visit our School Choice webpage<\/span><\/a>.<\/em><\/p>\n<p><strong>Registration is by appointment only.<\/strong><span>\u00a0<\/span>Please plan to spend 15-20 minutes completing the process at Hadley Elementary School, located at 21 River Drive in Hadley. We encourage you to register as soon as possible so we can ensure an accurate count of incoming students as we plan our classes.<\/p>\n<\/div>\n<\/div>\n<\/article>\n<\/div>\n<\/div>\n<\/div>\n<p>[\/et_pb_text][\/et_pb_column][et_pb_column type=&#8221;1_4&#8243; _builder_version=&#8221;4.27.4&#8243; _module_preset=&#8221;default&#8221; global_colors_info=&#8221;{}&#8221; theme_builder_area=&#8221;post_content&#8221;][\/et_pb_column][\/et_pb_row][et_pb_row _builder_version=&#8221;4.27.4&#8243; _module_preset=&#8221;default&#8221; width=&#8221;100%&#8221; global_colors_info=&#8221;{}&#8221; theme_builder_area=&#8221;post_content&#8221;][et_pb_column type=&#8221;4_4&#8243; _builder_version=&#8221;4.27.4&#8243; _module_preset=&#8221;default&#8221; global_colors_info=&#8221;{}&#8221; theme_builder_area=&#8221;post_content&#8221;][et_pb_text _builder_version=&#8221;4.27.4&#8243; _module_preset=&#8221;default&#8221; hover_enabled=&#8221;0&#8243; global_colors_info=&#8221;{}&#8221; theme_builder_area=&#8221;post_content&#8221; sticky_enabled=&#8221;0&#8243;]<\/p>\n<table border=\"1\" style=\"border-collapse: collapse; width: 85.0498%; height: 112px;\">\n<tbody>\n<tr style=\"height: 24px;\">\n<td style=\"width: 50%; height: 24px;\">Attachment<\/td>\n<td style=\"width: 50%; height: 24px;\">Size<\/td>\n<\/tr>\n<tr style=\"height: 24px;\">\n<td style=\"width: 50%; height: 24px;\"><img decoding=\"async\" class=\"file-icon\" alt=\"PDF icon\" title=\"application\/pdf\" src=\"https:\/\/www.hadleyschools.org\/modules\/file\/icons\/application-pdf.png\" \/><span>\u00a0<\/span><span style=\"color: #0c71c3;\"><a href=\"https:\/\/www.hadleyschools.org\/wp-content\/uploads\/2025\/07\/student_enrollment_2025-2026_0.pdf\" type=\"application\/pdf; length=549728\" target=\"_blank\" rel=\"noopener\" style=\"color: #0c71c3;\">student_enrollment_2025-2026.pdf<\/a><\/span><\/td>\n<td style=\"width: 50%; height: 24px;\"><span>536.84 KB<\/span><\/td>\n<\/tr>\n<tr style=\"height: 24px;\">\n<td style=\"width: 50%; height: 24px;\"><img decoding=\"async\" class=\"file-icon\" alt=\"PDF icon\" title=\"application\/pdf\" src=\"https:\/\/www.hadleyschools.org\/modules\/file\/icons\/application-pdf.png\" \/><span>\u00a0<\/span><span style=\"color: #0c71c3;\"><a href=\"https:\/\/www.hadleyschools.org\/wp-content\/uploads\/2025\/07\/enrollment_form_2025_2026_spanish.pdf\" type=\"application\/pdf; length=384196\" target=\"_blank\" rel=\"noopener\" style=\"color: #0c71c3;\">enrollment_form_2025_2026_spanish.pdf<\/a><\/span><\/td>\n<td style=\"width: 50%; height: 24px;\"><span>375.19 KB<\/span><\/td>\n<\/tr>\n<\/tbody>\n<\/table>\n<p>[\/et_pb_text][\/et_pb_column][\/et_pb_row][\/et_pb_section]<\/p>\n","protected":false},"excerpt":{"rendered":"<p>Welcome to Hadley Elementary School To register a student for the 2025-2026\u00a0school year, please contact the HES Main Office at (413) 584-5011.\u00a0Registration is by appointment only. If you are interested in information about our afterschool program, please contact Sarah Frost (sfrost@hadleyschools.org), or call (413) 923-2224. ***We do not accept enrollment via fax or scan. If [&hellip;]<\/p>\n","protected":false},"author":2,"featured_media":0,"parent":0,"menu_order":0,"comment_status":"closed","ping_status":"closed","template":"","meta":{"_acf_changed":false,"_et_pb_use_builder":"on","_et_pb_old_content":"","_et_gb_content_width":"","_monsterinsights_skip_tracking":false,"_monsterinsights_sitenote_active":false,"_monsterinsights_sitenote_note":"","_monsterinsights_sitenote_category":0,"footnotes":"","advanced-sidebar-menu\/link-title":"","advanced-sidebar-menu\/exclude-page":false},"class_list":["post-99383","page","type-page","status-publish","hentry"],"acf":[],"_links":{"self":[{"href":"https:\/\/www.hadleyschools.org\/hadley-elementary-school\/wp-json\/wp\/v2\/pages\/99383","targetHints":{"allow":["GET"]}}],"collection":[{"href":"https:\/\/www.hadleyschools.org\/hadley-elementary-school\/wp-json\/wp\/v2\/pages"}],"about":[{"href":"https:\/\/www.hadleyschools.org\/hadley-elementary-school\/wp-json\/wp\/v2\/types\/page"}],"author":[{"embeddable":true,"href":"https:\/\/www.hadleyschools.org\/hadley-elementary-school\/wp-json\/wp\/v2\/users\/2"}],"replies":[{"embeddable":true,"href":"https:\/\/www.hadleyschools.org\/hadley-elementary-school\/wp-json\/wp\/v2\/comments?post=99383"}],"version-history":[{"count":7,"href":"https:\/\/www.hadleyschools.org\/hadley-elementary-school\/wp-json\/wp\/v2\/pages\/99383\/revisions"}],"predecessor-version":[{"id":99505,"href":"https:\/\/www.hadleyschools.org\/hadley-elementary-school\/wp-json\/wp\/v2\/pages\/99383\/revisions\/99505"}],"wp:attachment":[{"href":"https:\/\/www.hadleyschools.org\/hadley-elementary-school\/wp-json\/wp\/v2\/media?parent=99383"}],"curies":[{"name":"wp","href":"https:\/\/api.w.org\/{rel}","templated":true}]}}